{"id":3184,"date":"2024-03-27T23:19:34","date_gmt":"2024-03-27T20:19:34","guid":{"rendered":"https:\/\/t-kalip.com\/?page_id=3184"},"modified":"2024-03-28T17:04:08","modified_gmt":"2024-03-28T14:04:08","slug":"ik-politikasi","status":"publish","type":"page","link":"https:\/\/t-kalip.com\/tr\/ik-politikasi\/","title":{"rendered":"\u0130K POL\u0130T\u0130KASI"},"content":{"rendered":"\t\t<div data-elementor-type=\"wp-page\" data-elementor-id=\"3184\" class=\"elementor elementor-3184\" data-elementor-post-type=\"page\">\n\t\t\t\t\t\t<section class=\"elementor-section elementor-top-section elementor-element elementor-element-9066d0a elementor-section-boxed elementor-section-height-default elementor-section-height-default parallax_section_no qode_elementor_container_no\" data-id=\"9066d0a\" data-element_type=\"section\">\n\t\t\t\t\t\t<div class=\"elementor-container elementor-column-gap-default\">\n\t\t\t\t\t<div class=\"elementor-column elementor-col-50 elementor-top-column elementor-element elementor-element-b494a62\" data-id=\"b494a62\" data-element_type=\"column\" data-settings=\"{&quot;background_background&quot;:&quot;classic&quot;}\">\n\t\t\t<div class=\"elementor-widget-wrap elementor-element-populated\">\n\t\t\t\t\t\t<div class=\"elementor-element elementor-element-4345f2e elementor-widget elementor-widget-text-editor\" data-id=\"4345f2e\" data-element_type=\"widget\" data-widget_type=\"text-editor.default\">\n\t\t\t\t<div class=\"elementor-widget-container\">\n\t\t\t\t\t\t\t\t\t<h3>KAR\u0130YER<\/h3>\t\t\t\t\t\t\t\t<\/div>\n\t\t\t\t<\/div>\n\t\t\t\t<div class=\"elementor-element elementor-element-d7b0664 elementor-nav-menu--dropdown-tablet elementor-nav-menu__text-align-aside elementor-widget elementor-widget-nav-menu\" data-id=\"d7b0664\" data-element_type=\"widget\" data-settings=\"{&quot;layout&quot;:&quot;vertical&quot;,&quot;submenu_icon&quot;:{&quot;value&quot;:&quot;&lt;i class=\\&quot;fas fa-caret-down\\&quot; aria-hidden=\\&quot;true\\&quot;&gt;&lt;\\\/i&gt;&quot;,&quot;library&quot;:&quot;fa-solid&quot;}}\" data-widget_type=\"nav-menu.default\">\n\t\t\t\t<div class=\"elementor-widget-container\">\n\t\t\t\t\t\t\t\t<nav aria-label=\"Menu\" class=\"elementor-nav-menu--main elementor-nav-menu__container elementor-nav-menu--layout-vertical e--pointer-background e--animation-sweep-right\">\n\t\t\t\t<ul id=\"menu-1-d7b0664\" class=\"elementor-nav-menu sm-vertical\"><li class=\"menu-item menu-item-type-post_type menu-item-object-page menu-item-3191\"><a href=\"https:\/\/t-kalip.com\/tr\/ik-politikasi\/\" class=\"elementor-item\">\u0130K POL\u0130T\u0130KASI<\/a><\/li>\n<li class=\"menu-item menu-item-type-post_type menu-item-object-page menu-item-3167\"><a href=\"https:\/\/t-kalip.com\/tr\/insan-kaynaklari-basvuru-formu\/\" class=\"elementor-item\">\u0130\u015e BA\u015eVURUSU<\/a><\/li>\n<li class=\"menu-item menu-item-type-post_type menu-item-object-page menu-item-3183\"><a href=\"https:\/\/t-kalip.com\/tr\/staj-basvurusu\/\" class=\"elementor-item\">STAJ BA\u015eVURUSU<\/a><\/li>\n<li class=\"menu-item menu-item-type-custom menu-item-object-custom menu-item-3147\"><a href=\"https:\/\/t-kalip.com\/tr\/kisisel-verilerin-korunmasi-aydinlatma-metni\/\" class=\"elementor-item\">KVKK VE \u00c7EREZ POL\u0130T\u0130KASI<\/a><\/li>\n<\/ul>\t\t\t<\/nav>\n\t\t\t\t\t\t<nav class=\"elementor-nav-menu--dropdown elementor-nav-menu__container\" aria-hidden=\"true\">\n\t\t\t\t<ul id=\"menu-2-d7b0664\" class=\"elementor-nav-menu sm-vertical\"><li class=\"menu-item menu-item-type-post_type menu-item-object-page menu-item-3191\"><a href=\"https:\/\/t-kalip.com\/tr\/ik-politikasi\/\" class=\"elementor-item\" tabindex=\"-1\">\u0130K POL\u0130T\u0130KASI<\/a><\/li>\n<li class=\"menu-item menu-item-type-post_type menu-item-object-page menu-item-3167\"><a href=\"https:\/\/t-kalip.com\/tr\/insan-kaynaklari-basvuru-formu\/\" class=\"elementor-item\" tabindex=\"-1\">\u0130\u015e BA\u015eVURUSU<\/a><\/li>\n<li class=\"menu-item menu-item-type-post_type menu-item-object-page menu-item-3183\"><a href=\"https:\/\/t-kalip.com\/tr\/staj-basvurusu\/\" class=\"elementor-item\" tabindex=\"-1\">STAJ BA\u015eVURUSU<\/a><\/li>\n<li class=\"menu-item menu-item-type-custom menu-item-object-custom menu-item-3147\"><a href=\"https:\/\/t-kalip.com\/tr\/kisisel-verilerin-korunmasi-aydinlatma-metni\/\" class=\"elementor-item\" tabindex=\"-1\">KVKK VE \u00c7EREZ POL\u0130T\u0130KASI<\/a><\/li>\n<\/ul>\t\t\t<\/nav>\n\t\t\t\t\t\t<\/div>\n\t\t\t\t<\/div>\n\t\t\t\t<section class=\"elementor-section elementor-inner-section elementor-element elementor-element-be471e5 elementor-section-boxed elementor-section-height-default elementor-section-height-default parallax_section_no qode_elementor_container_no\" data-id=\"be471e5\" data-element_type=\"section\">\n\t\t\t\t\t\t<div class=\"elementor-container elementor-column-gap-default\">\n\t\t\t\t\t<div class=\"elementor-column elementor-col-50 elementor-inner-column elementor-element elementor-element-38b556a\" data-id=\"38b556a\" data-element_type=\"column\">\n\t\t\t<div class=\"elementor-widget-wrap elementor-element-populated\">\n\t\t\t\t\t\t<div class=\"elementor-element elementor-element-5ee5dbb elementor-widget elementor-widget-image\" data-id=\"5ee5dbb\" data-element_type=\"widget\" data-widget_type=\"image.default\">\n\t\t\t\t<div class=\"elementor-widget-container\">\n\t\t\t\t\t\t\t\t\t\t\t\t\t\t\t\t<a href=\"https:\/\/www.linkedin.com\/company\/t-kalipas\/\" target=\"_blank\">\n\t\t\t\t\t\t\t<img fetchpriority=\"high\" decoding=\"async\" width=\"1295\" height=\"329\" src=\"https:\/\/t-kalip.com\/wp-content\/uploads\/2024\/03\/linkedin-logo.png\" class=\"attachment-full size-full wp-image-3205\" alt=\"\" srcset=\"https:\/\/t-kalip.com\/wp-content\/uploads\/2024\/03\/linkedin-logo.png 1295w, https:\/\/t-kalip.com\/wp-content\/uploads\/2024\/03\/linkedin-logo-300x76.png 300w, https:\/\/t-kalip.com\/wp-content\/uploads\/2024\/03\/linkedin-logo-1024x260.png 1024w, https:\/\/t-kalip.com\/wp-content\/uploads\/2024\/03\/linkedin-logo-768x195.png 768w, https:\/\/t-kalip.com\/wp-content\/uploads\/2024\/03\/linkedin-logo-700x178.png 700w, https:\/\/t-kalip.com\/wp-content\/uploads\/2024\/03\/linkedin-logo-600x152.png 600w\" sizes=\"(max-width: 1295px) 100vw, 1295px\" \/>\t\t\t\t\t\t\t\t<\/a>\n\t\t\t\t\t\t\t\t\t\t\t\t\t\t\t<\/div>\n\t\t\t\t<\/div>\n\t\t\t\t\t<\/div>\n\t\t<\/div>\n\t\t\t\t<div class=\"elementor-column elementor-col-50 elementor-inner-column elementor-element elementor-element-4bb3045\" data-id=\"4bb3045\" data-element_type=\"column\">\n\t\t\t<div class=\"elementor-widget-wrap elementor-element-populated\">\n\t\t\t\t\t\t<div class=\"elementor-element elementor-element-973c4b0 elementor-widget__width-initial elementor-widget elementor-widget-image\" data-id=\"973c4b0\" data-element_type=\"widget\" data-widget_type=\"image.default\">\n\t\t\t\t<div class=\"elementor-widget-container\">\n\t\t\t\t\t\t\t\t\t\t\t\t\t\t\t\t<a href=\"https:\/\/www.kariyer.net\/firma-profil\/t-kalip-sanayi-ve-ticaret-a-s-8189-33067\" target=\"_blank\">\n\t\t\t\t\t\t\t<img decoding=\"async\" width=\"1296\" height=\"264\" src=\"https:\/\/t-kalip.com\/wp-content\/uploads\/2024\/03\/kariyernet-logo.png\" class=\"attachment-full size-full wp-image-3203\" alt=\"\" srcset=\"https:\/\/t-kalip.com\/wp-content\/uploads\/2024\/03\/kariyernet-logo.png 1296w, https:\/\/t-kalip.com\/wp-content\/uploads\/2024\/03\/kariyernet-logo-300x61.png 300w, https:\/\/t-kalip.com\/wp-content\/uploads\/2024\/03\/kariyernet-logo-1024x209.png 1024w, https:\/\/t-kalip.com\/wp-content\/uploads\/2024\/03\/kariyernet-logo-768x156.png 768w, https:\/\/t-kalip.com\/wp-content\/uploads\/2024\/03\/kariyernet-logo-700x143.png 700w, https:\/\/t-kalip.com\/wp-content\/uploads\/2024\/03\/kariyernet-logo-600x122.png 600w\" sizes=\"(max-width: 1296px) 100vw, 1296px\" \/>\t\t\t\t\t\t\t\t<\/a>\n\t\t\t\t\t\t\t\t\t\t\t\t\t\t\t<\/div>\n\t\t\t\t<\/div>\n\t\t\t\t\t<\/div>\n\t\t<\/div>\n\t\t\t\t\t<\/div>\n\t\t<\/section>\n\t\t\t\t\t<\/div>\n\t\t<\/div>\n\t\t\t\t<div class=\"elementor-column elementor-col-50 elementor-top-column elementor-element elementor-element-54920e11\" data-id=\"54920e11\" data-element_type=\"column\">\n\t\t\t<div class=\"elementor-widget-wrap elementor-element-populated\">\n\t\t\t\t\t\t<div class=\"elementor-element elementor-element-9c32155 elementor-widget elementor-widget-text-editor\" data-id=\"9c32155\" data-element_type=\"widget\" data-widget_type=\"text-editor.default\">\n\t\t\t\t<div class=\"elementor-widget-container\">\n\t\t\t\t\t\t\t\t\t<h3>T-KALIP \u0130NSAN KAYNAKLARI POL\u0130T\u0130KASI<\/h3><p>\u00a0<\/p><p>Ba\u011fl\u0131l\u0131\u011f\u0131 ve motivasyonu y\u00fcksek \u00e7al\u0131\u015fanlardan olu\u015fan yetkin bir organizasyon yaratarak, T-KALIP\u2019\u0131n nitelikli insan kayna\u011f\u0131n\u0131 cezbeden ve elde tutan bir firma olmas\u0131n\u0131 sa\u011flamakt\u0131r.<\/p><p>\u00a0<\/p><p>Bu hedeflere ula\u015fmak i\u00e7in a\u015fa\u011f\u0131da belirtilen hususlarda s\u00fcrekli geli\u015fmeyi esas almaktad\u0131r.<\/p><p>\u00a0<\/p><ul><li>Y\u00fcksek \u00e7al\u0131\u015fan ba\u011fl\u0131l\u0131\u011f\u0131n\u0131n olu\u015fmas\u0131 ve devam etmesine,<\/li><li>Norm kadrolar\u0131n devaml\u0131l\u0131\u011f\u0131n\u0131 sa\u011flamak \u00fczere yeni yeteneklerin kazand\u0131r\u0131lmas\u0131na ve \u00e7al\u0131\u015fanlar\u0131m\u0131z\u0131n yetkinliklerin geli\u015ftirilmesine,<\/li><li>\u00c7al\u0131\u015fanlar\u0131n kendini geli\u015ftirmesi ve ilerlemesi i\u00e7in t\u00fcm \u00e7al\u0131\u015fanlar i\u00e7in kariyer basamaklar\u0131n\u0131n olu\u015fturulmas\u0131na odaklanm\u0131\u015ft\u0131r.<\/li><\/ul>\t\t\t\t\t\t\t\t<\/div>\n\t\t\t\t<\/div>\n\t\t\t\t<div class=\"elementor-element elementor-element-57fb68f elementor-widget elementor-widget-text-editor\" data-id=\"57fb68f\" data-element_type=\"widget\" data-widget_type=\"text-editor.default\">\n\t\t\t\t<div class=\"elementor-widget-container\">\n\t\t\t\t\t\t\t\t\t<div>Ortak bir \u015firket k\u00fclt\u00fcr\u00fc in\u015fa edilmesi i\u00e7in; i\u015f g\u00fcc\u00fc ihtiyac\u0131n\u0131n planlanmas\u0131ndan ba\u015flayarak i\u015fe al\u0131m ve yerle\u015ftirme, e\u011fitim ve geli\u015fim y\u00f6netimi, performans y\u00f6netimi gibi t\u00fcm insan kaynaklar\u0131 sistemleri; s\u00fcrekli geli\u015fimi ve \u00fcst\u00fcn performans\u0131 sa\u011flama, te\u015fvik etme ve \u00f6d\u00fcllendirme prensibi \u00e7er\u00e7evesinde i\u015fletilmektedir.<br \/><br \/>T-KALIP \u00e7al\u0131\u015fanlar\u0131n\u0131n geli\u015fimi; \u00f6nceden tan\u0131mlanm\u0131\u015f olan yetkinlikler ve ayl\u0131k\/6 ayl\u0131k veya y\u0131ll\u0131k bireysel i\u015f hedefleri ile takip edilmekte, e\u011fitimler ile desteklenmekte ve bu do\u011frultuda performanslar\u0131 \u00f6l\u00e7\u00fclmektedir.<br \/><br \/>T-KALIP \u0130nsan Kaynaklar\u0131 olarak; ileti\u015fim becerileri g\u00fc\u00e7l\u00fc, dikkatli, g\u00fcvenilir, sonu\u00e7 ve kalite odakl\u0131 yeni yetenekleri aram\u0131za katmay\u0131, var olan \u00e7al\u0131\u015fanlar\u0131m\u0131z\u0131 bu yetkinlikler do\u011frultusunda geli\u015ftirmeyi hedeflemekteyiz.<\/div>\t\t\t\t\t\t\t\t<\/div>\n\t\t\t\t<\/div>\n\t\t\t\t<div class=\"elementor-element elementor-element-cced0d2 elementor-widget elementor-widget-text-editor\" data-id=\"cced0d2\" data-element_type=\"widget\" data-widget_type=\"text-editor.default\">\n\t\t\t\t<div class=\"elementor-widget-container\">\n\t\t\t\t\t\t\t\t\t<div>S\u00fcrekli geli\u015fim ve y\u00fcksek performans i\u00e7in sadece \u00e7al\u0131\u015fanlar\u0131m\u0131z\u0131n g\u00f6z\u00fcnde de\u011fil t\u00fcm payda\u015flar\u0131m\u0131z i\u00e7in; a\u00e7\u0131k, adil, duyarl\u0131, geli\u015ftiren, etik de\u011ferlere \u00f6nem veren, payda\u015flar\u0131n\u0131n maddi ve manevi haklar\u0131n\u0131 koruyan ve onlar\u0131n g\u00f6r\u00fc\u015f ve \u00f6nerilerini dinleyen bir \u015firket olman\u0131n \u00e7ok \u00f6nemli oldu\u011funa inanmaktay\u0131z. Bu ama\u00e7la; t\u00fcm insan kaynaklar\u0131 politika ve prosed\u00fcrleri t\u00fcm \u00e7al\u0131\u015fanlar\u0131m\u0131za a\u00e7\u0131k T-Bilgi Kurumsal Bilgi Payla\u015f\u0131m Portal\u0131\u2019nda yay\u0131mlanmakta, \u015firket i\u00e7i a\u00e7\u0131k pozisyonlar \u00e7al\u0131\u015fanlara duyurulmakta, t\u00fcm \u00e7al\u0131\u015fanlar\u0131m\u0131z bahsi ge\u00e7en portala eri\u015ferek geli\u015fim alanlar\u0131na g\u00f6re e\u011fitimler alabilmekte, performans y\u00f6netimine dair yetkinliklerimize bu portal \u00fczerinden ula\u015fabilmektedir.<\/div>\t\t\t\t\t\t\t\t<\/div>\n\t\t\t\t<\/div>\n\t\t\t\t<div class=\"elementor-element elementor-element-7734287 elementor-widget elementor-widget-text-editor\" data-id=\"7734287\" data-element_type=\"widget\" data-widget_type=\"text-editor.default\">\n\t\t\t\t<div class=\"elementor-widget-container\">\n\t\t\t\t\t\t\t\t\t<div>Firmalar\u0131n rekabet \u00fcst\u00fcnl\u00fc\u011f\u00fcn\u00fc koruyacak en \u00f6nemli etkenin insan oldu\u011fu bilinci ile hareket eden T-KALIP \u0130nsan Kaynaklar\u0131; firmam\u0131z\u0131n hedefleri do\u011frultusunda insan kayna\u011f\u0131n\u0131 en verimli \u015fekilde kullanmak, \u00e7al\u0131\u015fanlar\u0131m\u0131z\u0131n gereksinimlerini kar\u015f\u0131lamak ve mesleki olarak geli\u015fimlerine katk\u0131da bulunmak i\u00e7in;<\/div><ul><li>Uygun ortam ve \u015fartlar\u0131 haz\u0131rlar.<\/li><li>De\u011fi\u015fen ve geli\u015fen mesleki yenilikler i\u00e7in kadro bazl\u0131 e\u011fitimler planlar.<\/li><li>Her pozisyon i\u00e7in g\u00f6rev tan\u0131mlar\u0131n\u0131 ve performans g\u00f6stergelerini belirler.<\/li><li>Firma hedefleri do\u011frultusunda haz\u0131rlanm\u0131\u015f y\u00f6ntem ve prosed\u00fcrler ile \u00e7al\u0131\u015fanlar\u0131m\u0131za \u0131\u015f\u0131k tutar.<\/li><\/ul>\t\t\t\t\t\t\t\t<\/div>\n\t\t\t\t<\/div>\n\t\t\t\t\t<\/div>\n\t\t<\/div>\n\t\t\t\t\t<\/div>\n\t\t<\/section>\n\t\t\t\t<section class=\"elementor-section elementor-top-section elementor-element elementor-element-2338403 elementor-section-boxed elementor-section-height-default elementor-section-height-default parallax_section_no qode_elementor_container_no\" data-id=\"2338403\" data-element_type=\"section\">\n\t\t\t\t\t\t<div class=\"elementor-container elementor-column-gap-default\">\n\t\t\t\t\t<div class=\"elementor-column elementor-col-100 elementor-top-column elementor-element elementor-element-4bc4832\" data-id=\"4bc4832\" data-element_type=\"column\">\n\t\t\t<div class=\"elementor-widget-wrap elementor-element-populated\">\n\t\t\t\t\t\t<div class=\"elementor-element elementor-element-74a971a elementor-widget elementor-widget-spacer\" data-id=\"74a971a\" data-element_type=\"widget\" data-widget_type=\"spacer.default\">\n\t\t\t\t<div class=\"elementor-widget-container\">\n\t\t\t\t\t\t\t<div class=\"elementor-spacer\">\n\t\t\t<div class=\"elementor-spacer-inner\"><\/div>\n\t\t<\/div>\n\t\t\t\t\t\t<\/div>\n\t\t\t\t<\/div>\n\t\t\t\t\t<\/div>\n\t\t<\/div>\n\t\t\t\t\t<\/div>\n\t\t<\/section>\n\t\t\t\t<\/div>\n\t\t","protected":false},"excerpt":{"rendered":"<p>KAR\u0130YER T-KALIP \u0130NSAN KAYNAKLARI POL\u0130T\u0130KASI \u00a0 Ba\u011fl\u0131l\u0131\u011f\u0131 ve motivasyonu y\u00fcksek \u00e7al\u0131\u015fanlardan olu\u015fan yetkin bir organizasyon yaratarak, T-KALIP\u2019\u0131n nitelikli insan kayna\u011f\u0131n\u0131 cezbeden ve elde tutan bir firma olmas\u0131n\u0131 sa\u011flamakt\u0131r. \u00a0 Bu hedeflere ula\u015fmak i\u00e7in a\u015fa\u011f\u0131da belirtilen hususlarda s\u00fcrekli geli\u015fmeyi esas almaktad\u0131r. \u00a0 Y\u00fcksek \u00e7al\u0131\u015fan ba\u011fl\u0131l\u0131\u011f\u0131n\u0131n olu\u015fmas\u0131&#8230;<\/p>\n","protected":false},"author":1,"featured_media":0,"parent":0,"menu_order":0,"comment_status":"closed","ping_status":"closed","template":"","meta":{"footnotes":""},"class_list":["post-3184","page","type-page","status-publish","hentry"],"aioseo_notices":[],"_links":{"self":[{"href":"https:\/\/t-kalip.com\/tr\/wp-json\/wp\/v2\/pages\/3184","targetHints":{"allow":["GET"]}}],"collection":[{"href":"https:\/\/t-kalip.com\/tr\/wp-json\/wp\/v2\/pages"}],"about":[{"href":"https:\/\/t-kalip.com\/tr\/wp-json\/wp\/v2\/types\/page"}],"author":[{"embeddable":true,"href":"https:\/\/t-kalip.com\/tr\/wp-json\/wp\/v2\/users\/1"}],"replies":[{"embeddable":true,"href":"https:\/\/t-kalip.com\/tr\/wp-json\/wp\/v2\/comments?post=3184"}],"version-history":[{"count":20,"href":"https:\/\/t-kalip.com\/tr\/wp-json\/wp\/v2\/pages\/3184\/revisions"}],"predecessor-version":[{"id":3230,"href":"https:\/\/t-kalip.com\/tr\/wp-json\/wp\/v2\/pages\/3184\/revisions\/3230"}],"wp:attachment":[{"href":"https:\/\/t-kalip.com\/tr\/wp-json\/wp\/v2\/media?parent=3184"}],"curies":[{"name":"wp","href":"https:\/\/api.w.org\/{rel}","templated":true}]}}