{"id":3125,"date":"2024-02-22T19:41:43","date_gmt":"2024-02-22T16:41:43","guid":{"rendered":"https:\/\/t-kalip.com\/human-resources-application-form\/"},"modified":"2024-03-28T11:07:06","modified_gmt":"2024-03-28T08:07:06","slug":"insan-kaynaklari-basvuru-formu","status":"publish","type":"page","link":"https:\/\/t-kalip.com\/tr\/insan-kaynaklari-basvuru-formu\/","title":{"rendered":"\u0130NSAN KAYNAKLARI BA\u015eVURU FORMU"},"content":{"rendered":"\t\t<div data-elementor-type=\"wp-page\" data-elementor-id=\"3125\" class=\"elementor elementor-3125 elementor-3105\" data-elementor-post-type=\"page\">\n\t\t\t\t\t\t<section class=\"elementor-section elementor-top-section elementor-element elementor-element-29bbb05 elementor-section-boxed elementor-section-height-default elementor-section-height-default parallax_section_no qode_elementor_container_no\" data-id=\"29bbb05\" data-element_type=\"section\">\n\t\t\t\t\t\t<div class=\"elementor-container elementor-column-gap-default\">\n\t\t\t\t\t<div class=\"elementor-column elementor-col-50 elementor-top-column elementor-element elementor-element-49ae757\" data-id=\"49ae757\" data-element_type=\"column\" data-settings=\"{&quot;background_background&quot;:&quot;classic&quot;}\">\n\t\t\t<div class=\"elementor-widget-wrap elementor-element-populated\">\n\t\t\t\t\t\t<div class=\"elementor-element elementor-element-ac76698 elementor-widget elementor-widget-text-editor\" data-id=\"ac76698\" data-element_type=\"widget\" data-widget_type=\"text-editor.default\">\n\t\t\t\t<div class=\"elementor-widget-container\">\n\t\t\t\t\t\t\t\t\t<h3>KAR\u0130YER<\/h3>\t\t\t\t\t\t\t\t<\/div>\n\t\t\t\t<\/div>\n\t\t\t\t<div class=\"elementor-element elementor-element-3af3d9a elementor-nav-menu--dropdown-tablet elementor-nav-menu__text-align-aside elementor-widget elementor-widget-nav-menu\" data-id=\"3af3d9a\" data-element_type=\"widget\" data-settings=\"{&quot;layout&quot;:&quot;vertical&quot;,&quot;submenu_icon&quot;:{&quot;value&quot;:&quot;&lt;i class=\\&quot;fas fa-caret-down\\&quot; aria-hidden=\\&quot;true\\&quot;&gt;&lt;\\\/i&gt;&quot;,&quot;library&quot;:&quot;fa-solid&quot;}}\" data-widget_type=\"nav-menu.default\">\n\t\t\t\t<div class=\"elementor-widget-container\">\n\t\t\t\t\t\t\t\t<nav aria-label=\"Menu\" class=\"elementor-nav-menu--main elementor-nav-menu__container elementor-nav-menu--layout-vertical e--pointer-background e--animation-sweep-right\">\n\t\t\t\t<ul id=\"menu-1-3af3d9a\" class=\"elementor-nav-menu sm-vertical\"><li class=\"menu-item menu-item-type-post_type menu-item-object-page menu-item-3191\"><a href=\"https:\/\/t-kalip.com\/tr\/ik-politikasi\/\" class=\"elementor-item\">\u0130K POL\u0130T\u0130KASI<\/a><\/li>\n<li class=\"menu-item menu-item-type-post_type menu-item-object-page menu-item-3167\"><a href=\"https:\/\/t-kalip.com\/tr\/insan-kaynaklari-basvuru-formu\/\" class=\"elementor-item\">\u0130\u015e BA\u015eVURUSU<\/a><\/li>\n<li class=\"menu-item menu-item-type-post_type menu-item-object-page menu-item-3183\"><a href=\"https:\/\/t-kalip.com\/tr\/staj-basvurusu\/\" class=\"elementor-item\">STAJ BA\u015eVURUSU<\/a><\/li>\n<li class=\"menu-item menu-item-type-custom menu-item-object-custom menu-item-3147\"><a href=\"https:\/\/t-kalip.com\/tr\/kisisel-verilerin-korunmasi-aydinlatma-metni\/\" class=\"elementor-item\">KVKK VE \u00c7EREZ POL\u0130T\u0130KASI<\/a><\/li>\n<\/ul>\t\t\t<\/nav>\n\t\t\t\t\t\t<nav class=\"elementor-nav-menu--dropdown elementor-nav-menu__container\" aria-hidden=\"true\">\n\t\t\t\t<ul id=\"menu-2-3af3d9a\" class=\"elementor-nav-menu sm-vertical\"><li class=\"menu-item menu-item-type-post_type menu-item-object-page menu-item-3191\"><a href=\"https:\/\/t-kalip.com\/tr\/ik-politikasi\/\" class=\"elementor-item\" tabindex=\"-1\">\u0130K POL\u0130T\u0130KASI<\/a><\/li>\n<li class=\"menu-item menu-item-type-post_type menu-item-object-page menu-item-3167\"><a href=\"https:\/\/t-kalip.com\/tr\/insan-kaynaklari-basvuru-formu\/\" class=\"elementor-item\" tabindex=\"-1\">\u0130\u015e BA\u015eVURUSU<\/a><\/li>\n<li class=\"menu-item menu-item-type-post_type menu-item-object-page menu-item-3183\"><a href=\"https:\/\/t-kalip.com\/tr\/staj-basvurusu\/\" class=\"elementor-item\" tabindex=\"-1\">STAJ BA\u015eVURUSU<\/a><\/li>\n<li class=\"menu-item menu-item-type-custom menu-item-object-custom menu-item-3147\"><a href=\"https:\/\/t-kalip.com\/tr\/kisisel-verilerin-korunmasi-aydinlatma-metni\/\" class=\"elementor-item\" tabindex=\"-1\">KVKK VE \u00c7EREZ POL\u0130T\u0130KASI<\/a><\/li>\n<\/ul>\t\t\t<\/nav>\n\t\t\t\t\t\t<\/div>\n\t\t\t\t<\/div>\n\t\t\t\t<section class=\"elementor-section elementor-inner-section elementor-element elementor-element-ea6e8dd elementor-section-boxed elementor-section-height-default elementor-section-height-default parallax_section_no qode_elementor_container_no\" data-id=\"ea6e8dd\" data-element_type=\"section\">\n\t\t\t\t\t\t<div class=\"elementor-container elementor-column-gap-default\">\n\t\t\t\t\t<div class=\"elementor-column elementor-col-50 elementor-inner-column elementor-element elementor-element-57c6792\" data-id=\"57c6792\" data-element_type=\"column\">\n\t\t\t<div class=\"elementor-widget-wrap elementor-element-populated\">\n\t\t\t\t\t\t<div class=\"elementor-element elementor-element-ce00dc3 elementor-widget elementor-widget-image\" data-id=\"ce00dc3\" data-element_type=\"widget\" data-widget_type=\"image.default\">\n\t\t\t\t<div class=\"elementor-widget-container\">\n\t\t\t\t\t\t\t\t\t\t\t\t\t\t\t\t<a href=\"https:\/\/www.linkedin.com\/company\/t-kalipas\/\" target=\"_blank\">\n\t\t\t\t\t\t\t<img fetchpriority=\"high\" decoding=\"async\" width=\"1295\" height=\"329\" src=\"https:\/\/t-kalip.com\/wp-content\/uploads\/2024\/03\/linkedin-logo.png\" class=\"attachment-full size-full wp-image-3205\" alt=\"\" srcset=\"https:\/\/t-kalip.com\/wp-content\/uploads\/2024\/03\/linkedin-logo.png 1295w, https:\/\/t-kalip.com\/wp-content\/uploads\/2024\/03\/linkedin-logo-300x76.png 300w, https:\/\/t-kalip.com\/wp-content\/uploads\/2024\/03\/linkedin-logo-1024x260.png 1024w, https:\/\/t-kalip.com\/wp-content\/uploads\/2024\/03\/linkedin-logo-768x195.png 768w, https:\/\/t-kalip.com\/wp-content\/uploads\/2024\/03\/linkedin-logo-700x178.png 700w, https:\/\/t-kalip.com\/wp-content\/uploads\/2024\/03\/linkedin-logo-600x152.png 600w\" sizes=\"(max-width: 1295px) 100vw, 1295px\" \/>\t\t\t\t\t\t\t\t<\/a>\n\t\t\t\t\t\t\t\t\t\t\t\t\t\t\t<\/div>\n\t\t\t\t<\/div>\n\t\t\t\t\t<\/div>\n\t\t<\/div>\n\t\t\t\t<div class=\"elementor-column elementor-col-50 elementor-inner-column elementor-element elementor-element-f35d6df\" data-id=\"f35d6df\" data-element_type=\"column\">\n\t\t\t<div class=\"elementor-widget-wrap elementor-element-populated\">\n\t\t\t\t\t\t<div class=\"elementor-element elementor-element-c04589f elementor-widget__width-initial elementor-widget elementor-widget-image\" data-id=\"c04589f\" data-element_type=\"widget\" data-widget_type=\"image.default\">\n\t\t\t\t<div class=\"elementor-widget-container\">\n\t\t\t\t\t\t\t\t\t\t\t\t\t\t\t\t<a href=\"https:\/\/www.kariyer.net\/firma-profil\/t-kalip-sanayi-ve-ticaret-a-s-8189-33067\" target=\"_blank\">\n\t\t\t\t\t\t\t<img decoding=\"async\" width=\"1296\" height=\"264\" src=\"https:\/\/t-kalip.com\/wp-content\/uploads\/2024\/03\/kariyernet-logo.png\" class=\"attachment-full size-full wp-image-3203\" alt=\"\" srcset=\"https:\/\/t-kalip.com\/wp-content\/uploads\/2024\/03\/kariyernet-logo.png 1296w, https:\/\/t-kalip.com\/wp-content\/uploads\/2024\/03\/kariyernet-logo-300x61.png 300w, https:\/\/t-kalip.com\/wp-content\/uploads\/2024\/03\/kariyernet-logo-1024x209.png 1024w, https:\/\/t-kalip.com\/wp-content\/uploads\/2024\/03\/kariyernet-logo-768x156.png 768w, https:\/\/t-kalip.com\/wp-content\/uploads\/2024\/03\/kariyernet-logo-700x143.png 700w, https:\/\/t-kalip.com\/wp-content\/uploads\/2024\/03\/kariyernet-logo-600x122.png 600w\" sizes=\"(max-width: 1296px) 100vw, 1296px\" \/>\t\t\t\t\t\t\t\t<\/a>\n\t\t\t\t\t\t\t\t\t\t\t\t\t\t\t<\/div>\n\t\t\t\t<\/div>\n\t\t\t\t\t<\/div>\n\t\t<\/div>\n\t\t\t\t\t<\/div>\n\t\t<\/section>\n\t\t\t\t\t<\/div>\n\t\t<\/div>\n\t\t\t\t<div class=\"elementor-column elementor-col-50 elementor-top-column elementor-element elementor-element-e5869d5\" data-id=\"e5869d5\" data-element_type=\"column\">\n\t\t\t<div class=\"elementor-widget-wrap elementor-element-populated\">\n\t\t\t\t\t\t<div class=\"elementor-element elementor-element-7f5b6e5 elementor-widget elementor-widget-text-editor\" data-id=\"7f5b6e5\" data-element_type=\"widget\" data-widget_type=\"text-editor.default\">\n\t\t\t\t<div class=\"elementor-widget-container\">\n\t\t\t\t\t\t\t\t\t<h3>\u0130\u015e BA\u015eVURU FORMU<\/h3>\t\t\t\t\t\t\t\t<\/div>\n\t\t\t\t<\/div>\n\t\t\t\t<div class=\"elementor-element elementor-element-430d4db elementor-widget__width-initial elementor-widget elementor-widget-bridge_cf_7\" data-id=\"430d4db\" data-element_type=\"widget\" data-widget_type=\"bridge_cf_7.default\">\n\t\t\t\t<div class=\"elementor-widget-container\">\n\t\t\t\t\t    <div class=\"qode-contact-form-7 qode-contact-form-7-0\">\n    \n<div class=\"wpcf7 no-js\" id=\"wpcf7-f3124-o1\" lang=\"tr-TR\" dir=\"ltr\" data-wpcf7-id=\"3124\">\n<div class=\"screen-reader-response\"><p role=\"status\" aria-live=\"polite\" aria-atomic=\"true\"><\/p> <ul><\/ul><\/div>\n<form action=\"\/tr\/wp-json\/wp\/v2\/pages\/3125#wpcf7-f3124-o1\" method=\"post\" class=\"wpcf7-form init cf7_custom_style_2\" aria-label=\"\u0130leti\u015fim Formu\" enctype=\"multipart\/form-data\" novalidate=\"novalidate\" data-status=\"init\">\n<fieldset class=\"hidden-fields-container\"><input type=\"hidden\" name=\"_wpcf7\" value=\"3124\" \/><input type=\"hidden\" name=\"_wpcf7_version\" value=\"6.1.4\" \/><input type=\"hidden\" name=\"_wpcf7_locale\" value=\"tr_TR\" \/><input type=\"hidden\" name=\"_wpcf7_unit_tag\" value=\"wpcf7-f3124-o1\" \/><input type=\"hidden\" name=\"_wpcf7_container_post\" value=\"0\" \/><input type=\"hidden\" name=\"_wpcf7_posted_data_hash\" value=\"\" \/><input type=\"hidden\" name=\"_wpcf7_recaptcha_response\" value=\"\" \/>\n<\/fieldset>\n<style>\n .hr-application-form .form-row {\n display: flex;\n justify-content: space-between;\n align-items: flex-start; \/* Y\u00fckseklik uyumunu sa\u011flamak i\u00e7in *\/\n margin-bottom: 10px; \/* Aralar\u0131ndaki bo\u015fluk *\/\n }\n .hr-application-form .form-group {\n flex-basis: 48%;\n }\n<\/style>\n<div class=\"hr-application-form\">\n\t<div class=\"form-row\">\n\t\t<div class=\"form-group\">\n\t\t\t<p><label for=\"full-name\">Ad Soyad<\/label><br \/>\n<span class=\"wpcf7-form-control-wrap\" data-name=\"full-name\"><input size=\"40\" maxlength=\"400\" class=\"wpcf7-form-control wpcf7-text wpcf7-validates-as-required form-control\" id=\"full-name\" aria-required=\"true\" aria-invalid=\"false\" value=\"\" type=\"text\" name=\"full-name\" \/><\/span>\n\t\t\t<\/p>\n\t\t<\/div>\n\t\t<div class=\"form-group\">\n\t\t\t<p><label for=\"email\">E-posta Adresi<\/label><br \/>\n<span class=\"wpcf7-form-control-wrap\" data-name=\"email\"><input size=\"40\" maxlength=\"400\" class=\"wpcf7-form-control wpcf7-email wpcf7-validates-as-required wpcf7-text wpcf7-validates-as-email form-control\" id=\"email\" aria-required=\"true\" aria-invalid=\"false\" value=\"\" type=\"email\" name=\"email\" \/><\/span>\n\t\t\t<\/p>\n\t\t<\/div>\n\t<\/div>\n\t<div class=\"form-row\">\n\t\t<div class=\"form-group\">\n\t\t\t<p><label for=\"phone-number\">Telefon Numaras\u0131<\/label><br \/>\n<span class=\"wpcf7-form-control-wrap\" data-name=\"phone-number\"><input size=\"40\" maxlength=\"400\" class=\"wpcf7-form-control wpcf7-tel wpcf7-validates-as-required wpcf7-text wpcf7-validates-as-tel form-control\" id=\"phone-number\" aria-required=\"true\" aria-invalid=\"false\" value=\"\" type=\"tel\" name=\"phone-number\" \/><\/span>\n\t\t\t<\/p>\n\t\t<\/div>\n\t\t<div class=\"form-group\">\n\t\t\t<p><label for=\"position-applied\">Ba\u015fvurulan Pozisyon<\/label><br \/>\n<span class=\"wpcf7-form-control-wrap\" data-name=\"position-applied\"><input size=\"40\" maxlength=\"400\" class=\"wpcf7-form-control wpcf7-text wpcf7-validates-as-required form-control\" id=\"position-applied\" aria-required=\"true\" aria-invalid=\"false\" value=\"\" type=\"text\" name=\"position-applied\" \/><\/span>\n\t\t\t<\/p>\n\t\t<\/div>\n\t<\/div>\n\t<div class=\"form-group\">\n\t\t<p><label for=\"resume-upload\">\u00d6zge\u00e7mi\u015f (PDF, DOC, DOCX formatlar\u0131nda) Maks 2mb<\/label><br \/>\n<span class=\"wpcf7-form-control-wrap\" data-name=\"file-240\"><input size=\"40\" class=\"wpcf7-form-control wpcf7-file wpcf7-validates-as-required\" accept=\".doc,.docx,.pdf\" aria-required=\"true\" aria-invalid=\"false\" type=\"file\" name=\"file-240\" \/><\/span>\n\t\t<\/p>\n\t<\/div>\n\t<div class=\"form-group\">\n\t\t<p><label for=\"message\">Mesaj\u0131n\u0131z (opsiyonel)<\/label><br \/>\n<span class=\"wpcf7-form-control-wrap\" data-name=\"message\"><textarea cols=\"40\" rows=\"10\" maxlength=\"2000\" class=\"wpcf7-form-control wpcf7-textarea form-control\" id=\"message\" aria-invalid=\"false\" name=\"message\"><\/textarea><\/span>\n\t\t<\/p>\n\t<\/div>\n\t<div class=\"two_columns_50_50 clearfix\">\n\t\t<div class=\"column1\">\n\t\t\t<div class=\"column_inner\">\n\t\t\t<span class=\"wpcf7-form-control-wrap recaptcha\" data-name=\"recaptcha\"><span data-sitekey=\"6LdfNI0UAAAAALvqYREZIYWvatPwsB3W1cSx9EQM\" class=\"wpcf7-form-control wpcf7-recaptcha g-recaptcha\"><\/span>\r\n<noscript>\r\n\t<div class=\"grecaptcha-noscript\">\r\n\t\t<iframe src=\"https:\/\/www.google.com\/recaptcha\/api\/fallback?k=6LdfNI0UAAAAALvqYREZIYWvatPwsB3W1cSx9EQM\" frameborder=\"0\" scrolling=\"no\" width=\"310\" height=\"430\">\r\n\t\t<\/iframe>\r\n\t\t<textarea name=\"g-recaptcha-response\" rows=\"3\" cols=\"40\" placeholder=\"reCaptcha Response Here\">\r\n\t\t<\/textarea>\r\n\t<\/div>\r\n<\/noscript>\r\n<\/span>\n\t\t\t<\/div>\n\t\t<\/div>\n\t\t<div class=\"column2\">\n\t\t\t<div class=\"column_inner\">\n\t\t\t\t<p><input class=\"wpcf7-form-control wpcf7-submit has-spinner\" type=\"submit\" value=\"G\u00f6nder\" \/>\n\t\t\t\t<\/p>\n\t\t\t<\/div>\n\t\t<\/div>\n\t<\/div>\n<\/div><div class=\"wpcf7-response-output\" aria-hidden=\"true\"><\/div>\n<\/form>\n<\/div>\n    <\/div>\n\t\t\t\t<\/div>\n\t\t\t\t<\/div>\n\t\t\t\t<div class=\"elementor-element elementor-element-8556e28 elementor-widget elementor-widget-spacer\" data-id=\"8556e28\" data-element_type=\"widget\" data-widget_type=\"spacer.default\">\n\t\t\t\t<div class=\"elementor-widget-container\">\n\t\t\t\t\t\t\t<div class=\"elementor-spacer\">\n\t\t\t<div class=\"elementor-spacer-inner\"><\/div>\n\t\t<\/div>\n\t\t\t\t\t\t<\/div>\n\t\t\t\t<\/div>\n\t\t\t\t\t<\/div>\n\t\t<\/div>\n\t\t\t\t\t<\/div>\n\t\t<\/section>\n\t\t\t\t<section class=\"elementor-section elementor-top-section elementor-element elementor-element-a2d498c elementor-section-boxed elementor-section-height-default elementor-section-height-default parallax_section_no qode_elementor_container_no\" data-id=\"a2d498c\" data-element_type=\"section\">\n\t\t\t\t\t\t<div class=\"elementor-container elementor-column-gap-default\">\n\t\t\t\t\t<div class=\"elementor-column elementor-col-100 elementor-top-column elementor-element elementor-element-8742586\" data-id=\"8742586\" data-element_type=\"column\">\n\t\t\t<div class=\"elementor-widget-wrap\">\n\t\t\t\t\t\t\t<\/div>\n\t\t<\/div>\n\t\t\t\t\t<\/div>\n\t\t<\/section>\n\t\t\t\t<\/div>\n\t\t","protected":false},"excerpt":{"rendered":"<p>KAR\u0130YER \u0130\u015e BA\u015eVURU FORMU Ad Soyad E-posta Adresi Telefon Numaras\u0131 Ba\u015fvurulan Pozisyon \u00d6zge\u00e7mi\u015f (PDF, DOC, DOCX formatlar\u0131nda) Maks 2mb Mesaj\u0131n\u0131z (opsiyonel)<\/p>\n","protected":false},"author":1,"featured_media":0,"parent":0,"menu_order":0,"comment_status":"closed","ping_status":"closed","template":"","meta":{"footnotes":""},"class_list":["post-3125","page","type-page","status-publish","hentry"],"aioseo_notices":[],"_links":{"self":[{"href":"https:\/\/t-kalip.com\/tr\/wp-json\/wp\/v2\/pages\/3125","targetHints":{"allow":["GET"]}}],"collection":[{"href":"https:\/\/t-kalip.com\/tr\/wp-json\/wp\/v2\/pages"}],"about":[{"href":"https:\/\/t-kalip.com\/tr\/wp-json\/wp\/v2\/types\/page"}],"author":[{"embeddable":true,"href":"https:\/\/t-kalip.com\/tr\/wp-json\/wp\/v2\/users\/1"}],"replies":[{"embeddable":true,"href":"https:\/\/t-kalip.com\/tr\/wp-json\/wp\/v2\/comments?post=3125"}],"version-history":[{"count":41,"href":"https:\/\/t-kalip.com\/tr\/wp-json\/wp\/v2\/pages\/3125\/revisions"}],"predecessor-version":[{"id":3212,"href":"https:\/\/t-kalip.com\/tr\/wp-json\/wp\/v2\/pages\/3125\/revisions\/3212"}],"wp:attachment":[{"href":"https:\/\/t-kalip.com\/tr\/wp-json\/wp\/v2\/media?parent=3125"}],"curies":[{"name":"wp","href":"https:\/\/api.w.org\/{rel}","templated":true}]}}