{"id":1529,"date":"2020-09-10T13:00:09","date_gmt":"2020-09-10T10:00:09","guid":{"rendered":"https:\/\/t-kalip.com\/personal-data-protection-law\/"},"modified":"2020-09-14T10:36:37","modified_gmt":"2020-09-14T07:36:37","slug":"kisisel-verilerin-korunmasi-aydinlatma-metni","status":"publish","type":"page","link":"https:\/\/t-kalip.com\/tr\/kisisel-verilerin-korunmasi-aydinlatma-metni\/","title":{"rendered":"Ki\u015fisel Verilerin Korunmas\u0131 Ayd\u0131nlatma Metni"},"content":{"rendered":"\t\t<div data-elementor-type=\"wp-page\" data-elementor-id=\"1529\" class=\"elementor elementor-1529 elementor-1514\" data-elementor-post-type=\"page\">\n\t\t\t\t\t\t<section class=\"elementor-section elementor-top-section elementor-element elementor-element-1e926f9 elementor-section-boxed elementor-section-height-default elementor-section-height-default parallax_section_no qode_elementor_container_no\" data-id=\"1e926f9\" data-element_type=\"section\" data-e-type=\"section\">\n\t\t\t\t\t\t<div class=\"elementor-container elementor-column-gap-default\">\n\t\t\t\t\t<div class=\"elementor-column elementor-col-100 elementor-top-column elementor-element elementor-element-ae2094c\" data-id=\"ae2094c\" data-element_type=\"column\" data-e-type=\"column\">\n\t\t\t<div class=\"elementor-widget-wrap elementor-element-populated\">\n\t\t\t\t\t\t<div class=\"elementor-element elementor-element-3d54f3d elementor-widget elementor-widget-text-editor\" data-id=\"3d54f3d\" data-element_type=\"widget\" data-e-type=\"widget\" data-widget_type=\"text-editor.default\">\n\t\t\t\t<div class=\"elementor-widget-container\">\n\t\t\t\t\t\t\t\t\t<h3 style=\"text-align: left;\"><strong>6698 SAYILI K\u0130\u015e\u0130SEL VER\u0130LER\u0130N KORUNMASI KANUNU KAPSAMINDA AYDINLATMA METN\u0130<\/strong><\/h3>\t\t\t\t\t\t\t\t<\/div>\n\t\t\t\t<\/div>\n\t\t\t\t\t<\/div>\n\t\t<\/div>\n\t\t\t\t\t<\/div>\n\t\t<\/section>\n\t\t\t\t<section class=\"elementor-section elementor-top-section elementor-element elementor-element-67f640b elementor-section-boxed elementor-section-height-default elementor-section-height-default parallax_section_no qode_elementor_container_no\" data-id=\"67f640b\" data-element_type=\"section\" data-e-type=\"section\">\n\t\t\t\t\t\t<div class=\"elementor-container elementor-column-gap-default\">\n\t\t\t\t\t<div class=\"elementor-column elementor-col-100 elementor-top-column elementor-element elementor-element-03a3943\" data-id=\"03a3943\" data-element_type=\"column\" data-e-type=\"column\">\n\t\t\t<div class=\"elementor-widget-wrap elementor-element-populated\">\n\t\t\t\t\t\t<div class=\"elementor-element elementor-element-d3cbf36 elementor-widget elementor-widget-text-editor\" data-id=\"d3cbf36\" data-element_type=\"widget\" data-e-type=\"widget\" data-widget_type=\"text-editor.default\">\n\t\t\t\t<div class=\"elementor-widget-container\">\n\t\t\t\t\t\t\t\t\t<p>Ki\u015fisel verilerinizin, 6698 say\u0131l\u0131 Ki\u015fisel Verilerin Korunmas\u0131 Kanunu (\u201cKVKK\u201d) uyar\u0131nca, Veri Sorumlusu s\u0131fat\u0131yla <strong>T-KALIP SANAY\u0130 VE<\/strong><br \/><strong>T\u0130CARET A.\u015e. (\u201cT-KALIP A.\u015e\u201d veya \u201c\u015eirket\u201d)<\/strong> taraf\u0131ndan hangi kapsamda i\u015flenebilece\u011fi a\u015fa\u011f\u0131da a\u00e7\u0131klanm\u0131\u015ft\u0131r.<\/p><p>\u00a0<\/p><p><strong>1- Ki\u015fisel Verilerinizi Toplama Y\u00f6ntemimiz ve Hukuki Sebebi<\/strong><\/p><p>Ki\u015fisel verileriniz <strong>T-KALIP A.\u015e<\/strong> ad\u0131na veri i\u015fleme yetkisine sahip ger\u00e7ek veya t\u00fczel ki\u015filer taraf\u0131ndan, beyan, ba\u015fvuru formlar\u0131, \u00f6zl\u00fck<br \/>dosyas\u0131 olu\u015fturmak \u00fczere istenen belgeler, muhtelif s\u00f6zle\u015fmeler, her t\u00fcrl\u00fc bilgi formlar\u0131, i\u015f ba\u015fvuru formlar\u0131, s\u00f6zl\u00fc, yaz\u0131l\u0131 veya<br \/>elektronik kanallar arac\u0131l\u0131\u011f\u0131 ile a\u00e7\u0131k r\u0131zan\u0131z ya da kanunda \u00f6ng\u00f6r\u00fclen ki\u015fisel veri i\u015fleme \u015fartlar\u0131 kapsam\u0131nda toplanmaktad\u0131r.<br \/>Bu bilgiler, ticari ve idari faaliyetlerimizin, yasalar \u00e7er\u00e7evesinde sunulabilmesi ve bu kapsamda T-KALIP A.\u015e\u2019nin hizmetlerini<br \/>y\u00fcr\u00fctebilmesi, ticari hayat\u0131n\u0131 s\u00fcrd\u00fcrebilmesi ve yasalardan do\u011fan mesuliyetlerini eksiksiz ve do\u011fru bir \u015fekilde yerine getirebilmesi<br \/>ama\u00e7lar\u0131yla edinilir.<\/p><p>\u00a0<\/p><p><strong>2- Ki\u015fisel Verilerinizin \u0130\u015flenme Ama\u00e7lar\u0131<\/strong><\/p><p>Toplanan ki\u015fisel verileriniz, KVKK taraf\u0131ndan \u00f6ng\u00f6r\u00fclen temel ilkelere uygun olarak ve KVKK\u2019n\u0131n 4. 5. ve 6. maddelerinde belirtilen<br \/>ki\u015fisel veri i\u015fleme \u015fartlar\u0131 ve ama\u00e7lar\u0131 d\u00e2hilinde, <strong>T-KALIP A.\u015e<\/strong> taraf\u0131ndan a\u015fa\u011f\u0131da tahdidi olarak say\u0131lan ama\u00e7larla i\u015flenebilmektedir:<\/p><p>\u00a0<\/p><ul><li>\u015eirketimizin insan kaynaklar\u0131 s\u00fcre\u00e7lerini ve faaliyetlerini belirlenen yasal \u00e7er\u00e7evede y\u00fcr\u00fct\u00fclebilmesi,<\/li><li>Bilgi g\u00fcvenli\u011fi s\u00fcre\u00e7lerinin planlanmas\u0131, bunlar\u0131n denetimi ve icras\u0131,<\/li><li>Finans ve\/veya muhasebe i\u015flerinin takibi,<\/li><li>S\u00f6zle\u015fme y\u00f6netimi, hukuki i\u015flemlerin tesisi ve hukuki s\u00fcre\u00e7lerin takibi,<\/li><li>Tesis ve personel g\u00fcvenli\u011finin sa\u011flanmas\u0131,<\/li><li>Tesis G\u00fcvenlik ile ilgili kanun ve y\u00f6nerge de belirtilen faaliyetlerin y\u00fcr\u00fct\u00fclebilmesi,<\/li><li>\u015eirket personelinin koruyucu ve tedavi edici sa\u011fl\u0131k hizmetlerinden yararlanabilmesi,<\/li><li>\u015eirketimizin ticari ve i\u015f stratejilerinin belirlenmesi ve uygulanmas\u0131,<\/li><li>\u00c7al\u0131\u015fanlar\u0131n, ziyaret\u00e7ilerin, i\u015f ba\u015fvurusuna gelen adaylar\u0131n g\u00fcvenli\u011fini sa\u011flayabilmek i\u00e7in giri\u015f \u00e7\u0131k\u0131\u015flar\u0131 kontrol edilebilmesi,<\/li><\/ul><p>\u00a0<\/p><p><strong>3- Ki\u015fisel Verilerinizin Aktar\u0131lmas\u0131 ve Payla\u015f\u0131lmas\u0131<\/strong><\/p><p>Toplanan ki\u015fisel verileriniz; KVKK taraf\u0131ndan \u00f6ng\u00f6r\u00fclen temel ilkelere uygun olarak ve KVKK\u2019n\u0131n 8. ve 9. maddelerinde belirtilen<br \/>ki\u015fisel veri i\u015fleme \u015fartlar\u0131 ve ama\u00e7lar\u0131 d\u00e2hilinde, <strong>T-KALIP A.\u015e<\/strong> taraf\u0131ndan yukar\u0131da tahdidi olarak say\u0131lan ama\u00e7larla; i\u015f ortaklar\u0131m\u0131za,<br \/>tedarik\u00e7ilerimize, hissedarlar\u0131m\u0131za, d\u0131\u015f hizmet sa\u011flay\u0131c\u0131lar\u0131na, kanunen yetkili kamu kurumlar\u0131na aktar\u0131labilmektedir.<\/p><p>\u00a0<\/p><p><strong>4- Ki\u015fisel Verilerinizin Saklanma S\u00fcresi<\/strong><\/p><p><strong>T-KALIP A.\u015e<\/strong>, ki\u015fisel verileri i\u015fbu Ki\u015fisel Verilerin \u0130\u015flenmesine \u0130li\u015fkin Ayd\u0131nlatma Metninde belirtilen ama\u00e7lar\u0131n gerektirdi\u011fi s\u00fcre<br \/>boyunca saklayacakt\u0131r. Buna ek olarak veri sahibi ile aras\u0131nda do\u011fabilecek herhangi bir uyu\u015fmazl\u0131k durumunda, uyu\u015fmazl\u0131k<br \/>kapsam\u0131nda gerekli savunmalar\u0131n ger\u00e7ekle\u015ftirilebilmesi amac\u0131yla s\u0131n\u0131rl\u0131 olmak \u00fczere ve ilgili mevzuat uyar\u0131nca belirlenen zamana\u015f\u0131m\u0131<br \/>s\u00fcreleri boyunca ki\u015fisel verileri saklayabilecektir.<\/p><p>\u00a0<\/p><p><strong>5- Veri Sahibi Olarak Haklar\u0131n\u0131z<\/strong><\/p><ul><li>Ki\u015fisel verisi i\u015flenen ger\u00e7ek ki\u015filerin KVKK\u2019n\u0131n 11. maddesi uyar\u0131ca sahip oldu\u011fu haklar a\u015fa\u011f\u0131daki gibidir;<\/li><li>Ki\u015fisel veri i\u015flenip i\u015flenmedi\u011fini \u00f6\u011frenme,<\/li><li>Ki\u015fisel verileri i\u015flenmi\u015fse buna ili\u015fkin bilgi talep etme,<\/li><li>Ki\u015fisel verilerin i\u015flenme amac\u0131n\u0131 ve bunlar\u0131n amac\u0131na uygun kullan\u0131l\u0131p kullan\u0131lmad\u0131\u011f\u0131n\u0131 \u00f6\u011frenme,<\/li><li>Yurt i\u00e7inde veya yurt d\u0131\u015f\u0131nda ki\u015fisel verilerin aktar\u0131ld\u0131\u011f\u0131 \u00fc\u00e7\u00fcnc\u00fc ki\u015fileri bilme,<\/li><li>Ki\u015fisel verilerin eksik veya yanl\u0131\u015f i\u015flenmi\u015f olmas\u0131 h\u00e2linde bunlar\u0131n d\u00fczeltilmesini isteme,<\/li><li>KVKK ve ilgili di\u011fer kanun h\u00fck\u00fcmlerine uygun olarak i\u015flenmi\u015f olmas\u0131na ra\u011fmen, i\u015flenmesini gerektiren sebeplerin ortadan<br \/>kalkmas\u0131 h\u00e2linde ki\u015fisel verilerin silinmesini veya yok edilmesini isteme ve bu kapsamda yap\u0131lan i\u015flemin ki\u015fisel verilerin<br \/>aktar\u0131ld\u0131\u011f\u0131 \u00fc\u00e7\u00fcnc\u00fc ki\u015filere bildirilmesini isteme,<\/li><li>\u0130\u015flenen verilerin m\u00fcnhas\u0131ran otomatik sistemler vas\u0131tas\u0131yla analiz edilmesi suretiyle ki\u015finin kendisi aleyhine bir sonucun<br \/>ortaya \u00e7\u0131kmas\u0131na itiraz etme,<\/li><li>Ki\u015fisel verilerin kanuna ayk\u0131r\u0131 olarak i\u015flenmesi sebebiyle zarara u\u011framas\u0131 h\u00e2linde zarar\u0131n giderilmesini talep etme.<\/li><\/ul><p>\u00a0<\/p><p>Yukar\u0131da belirtilen haklar\u0131n\u0131z\u0131 kullanmak ili\u015fkin taleplerinizi, \u015firketimizin \u2018\u2018Ahi Evran Osb Mah. K\u0131r\u0131m Hanl\u0131\u011f\u0131 Cad.No:12<br \/>Sincan\/ANKARA\u2019\u2019 adresine noter yoluyla \u00e7ekilecek ihtarname ya da tkalip@hs06.kep.tr kep adresimize e-posta yoluyla veya kimlik<br \/>ibraz\u0131yla \u015firketimize yap\u0131lacak \u015fahsen ba\u015fvurular ile iletebilirsiniz. \u0130lgili ki\u015finin talepleri en k\u0131sa s\u00fcrede ve nihayetinde en ge\u00e7 otuz (30)<br \/>g\u00fcn i\u00e7erisinde \u00fccretsiz olarak de\u011ferlendirilip karara ba\u011flan\u0131r.<\/p>\t\t\t\t\t\t\t\t<\/div>\n\t\t\t\t<\/div>\n\t\t\t\t\t<\/div>\n\t\t<\/div>\n\t\t\t\t\t<\/div>\n\t\t<\/section>\n\t\t\t\t<section class=\"elementor-section elementor-top-section elementor-element elementor-element-ae1b388 elementor-section-boxed elementor-section-height-default elementor-section-height-default parallax_section_no qode_elementor_container_no\" data-id=\"ae1b388\" data-element_type=\"section\" data-e-type=\"section\">\n\t\t\t\t\t\t<div class=\"elementor-container elementor-column-gap-default\">\n\t\t\t\t\t<div class=\"elementor-column elementor-col-25 elementor-top-column elementor-element elementor-element-1f6b108\" data-id=\"1f6b108\" data-element_type=\"column\" data-e-type=\"column\">\n\t\t\t<div class=\"elementor-widget-wrap elementor-element-populated\">\n\t\t\t\t\t\t<div class=\"elementor-element elementor-element-8de1af0 elementor-widget elementor-widget-button\" data-id=\"8de1af0\" data-element_type=\"widget\" data-e-type=\"widget\" data-widget_type=\"button.default\">\n\t\t\t\t<div class=\"elementor-widget-container\">\n\t\t\t\t\t\t\t\t\t<div class=\"elementor-button-wrapper\">\n\t\t\t\t\t<a class=\"elementor-button elementor-button-link elementor-size-xs\" href=\"https:\/\/t-kalip.com\/wp-content\/uploads\/2020\/09\/T-KALIP-A-S-KVKK-Politika-25-12-2019.pdf\" target=\"_blank\">\n\t\t\t\t\t\t<span class=\"elementor-button-content-wrapper\">\n\t\t\t\t\t\t\t\t\t<span class=\"elementor-button-text\">K\u0130\u015e\u0130SEL VER\u0130LER\u0130N KORUNMASI VE \u0130\u015eLENMES\u0130 POL\u0130T\u0130KASI<\/span>\n\t\t\t\t\t<\/span>\n\t\t\t\t\t<\/a>\n\t\t\t\t<\/div>\n\t\t\t\t\t\t\t\t<\/div>\n\t\t\t\t<\/div>\n\t\t\t\t\t<\/div>\n\t\t<\/div>\n\t\t\t\t<div class=\"elementor-column elementor-col-25 elementor-top-column elementor-element elementor-element-8306386\" data-id=\"8306386\" data-element_type=\"column\" data-e-type=\"column\">\n\t\t\t<div class=\"elementor-widget-wrap elementor-element-populated\">\n\t\t\t\t\t\t<div class=\"elementor-element elementor-element-1a5d680 elementor-widget elementor-widget-button\" data-id=\"1a5d680\" data-element_type=\"widget\" data-e-type=\"widget\" data-widget_type=\"button.default\">\n\t\t\t\t<div class=\"elementor-widget-container\">\n\t\t\t\t\t\t\t\t\t<div class=\"elementor-button-wrapper\">\n\t\t\t\t\t<a class=\"elementor-button elementor-button-link elementor-size-xs\" href=\"https:\/\/t-kalip.com\/wp-content\/uploads\/2020\/09\/T-KALIP-A-S-VERI-SAHIBI-BASVURU-FORMU.pdf\" target=\"_blank\">\n\t\t\t\t\t\t<span class=\"elementor-button-content-wrapper\">\n\t\t\t\t\t\t\t\t\t<span class=\"elementor-button-text\">VER\u0130 SAH\u0130B\u0130<br>BA\u015eVURU FORMU<\/span>\n\t\t\t\t\t<\/span>\n\t\t\t\t\t<\/a>\n\t\t\t\t<\/div>\n\t\t\t\t\t\t\t\t<\/div>\n\t\t\t\t<\/div>\n\t\t\t\t\t<\/div>\n\t\t<\/div>\n\t\t\t\t<div class=\"elementor-column elementor-col-50 elementor-top-column elementor-element elementor-element-b3545c5\" data-id=\"b3545c5\" data-element_type=\"column\" data-e-type=\"column\">\n\t\t\t<div class=\"elementor-widget-wrap\">\n\t\t\t\t\t\t\t<\/div>\n\t\t<\/div>\n\t\t\t\t\t<\/div>\n\t\t<\/section>\n\t\t\t\t<section class=\"elementor-section elementor-top-section elementor-element elementor-element-5ab7307 elementor-section-boxed elementor-section-height-default elementor-section-height-default parallax_section_no qode_elementor_container_no\" data-id=\"5ab7307\" data-element_type=\"section\" data-e-type=\"section\">\n\t\t\t\t\t\t<div class=\"elementor-container elementor-column-gap-default\">\n\t\t\t\t\t<div class=\"elementor-column elementor-col-100 elementor-top-column elementor-element elementor-element-c9e5be4\" data-id=\"c9e5be4\" data-element_type=\"column\" data-e-type=\"column\">\n\t\t\t<div class=\"elementor-widget-wrap elementor-element-populated\">\n\t\t\t\t\t\t<div class=\"elementor-element elementor-element-b75f524 elementor-widget elementor-widget-spacer\" data-id=\"b75f524\" data-element_type=\"widget\" data-e-type=\"widget\" data-widget_type=\"spacer.default\">\n\t\t\t\t<div class=\"elementor-widget-container\">\n\t\t\t\t\t\t\t<div class=\"elementor-spacer\">\n\t\t\t<div class=\"elementor-spacer-inner\"><\/div>\n\t\t<\/div>\n\t\t\t\t\t\t<\/div>\n\t\t\t\t<\/div>\n\t\t\t\t\t<\/div>\n\t\t<\/div>\n\t\t\t\t\t<\/div>\n\t\t<\/section>\n\t\t\t\t<\/div>\n\t\t","protected":false},"excerpt":{"rendered":"<p>6698 SAYILI K\u0130\u015e\u0130SEL VER\u0130LER\u0130N KORUNMASI KANUNU KAPSAMINDA AYDINLATMA METN\u0130 Ki\u015fisel verilerinizin, 6698 say\u0131l\u0131 Ki\u015fisel Verilerin Korunmas\u0131 Kanunu (\u201cKVKK\u201d) uyar\u0131nca, Veri Sorumlusu s\u0131fat\u0131yla T-KALIP SANAY\u0130 VET\u0130CARET A.\u015e. (\u201cT-KALIP A.\u015e\u201d veya \u201c\u015eirket\u201d) taraf\u0131ndan hangi kapsamda i\u015flenebilece\u011fi a\u015fa\u011f\u0131da a\u00e7\u0131klanm\u0131\u015ft\u0131r. \u00a0 1- Ki\u015fisel Verilerinizi Toplama Y\u00f6ntemimiz ve Hukuki Sebebi&#8230;<\/p>\n","protected":false},"author":1,"featured_media":0,"parent":0,"menu_order":0,"comment_status":"closed","ping_status":"closed","template":"","meta":{"footnotes":""},"class_list":["post-1529","page","type-page","status-publish","hentry"],"aioseo_notices":[],"_links":{"self":[{"href":"https:\/\/t-kalip.com\/tr\/wp-json\/wp\/v2\/pages\/1529","targetHints":{"allow":["GET"]}}],"collection":[{"href":"https:\/\/t-kalip.com\/tr\/wp-json\/wp\/v2\/pages"}],"about":[{"href":"https:\/\/t-kalip.com\/tr\/wp-json\/wp\/v2\/types\/page"}],"author":[{"embeddable":true,"href":"https:\/\/t-kalip.com\/tr\/wp-json\/wp\/v2\/users\/1"}],"replies":[{"embeddable":true,"href":"https:\/\/t-kalip.com\/tr\/wp-json\/wp\/v2\/comments?post=1529"}],"version-history":[{"count":0,"href":"https:\/\/t-kalip.com\/tr\/wp-json\/wp\/v2\/pages\/1529\/revisions"}],"wp:attachment":[{"href":"https:\/\/t-kalip.com\/tr\/wp-json\/wp\/v2\/media?parent=1529"}],"curies":[{"name":"wp","href":"https:\/\/api.w.org\/{rel}","templated":true}]}}