{"id":1294,"date":"2020-07-25T12:35:23","date_gmt":"2020-07-25T09:35:23","guid":{"rendered":"https:\/\/t-kalip.com\/inspection\/"},"modified":"2020-08-12T11:56:54","modified_gmt":"2020-08-12T08:56:54","slug":"muayene","status":"publish","type":"page","link":"https:\/\/t-kalip.com\/tr\/muayene\/","title":{"rendered":"MUAYENE"},"content":{"rendered":"\t\t<div data-elementor-type=\"wp-page\" data-elementor-id=\"1294\" class=\"elementor elementor-1294 elementor-1251\" data-elementor-post-type=\"page\">\n\t\t\t\t\t\t<section class=\"elementor-section elementor-top-section elementor-element elementor-element-3b874356 elementor-section-stretched elementor-section-full_width elementor-section-height-default elementor-section-height-default parallax_section_no qode_elementor_container_no\" data-id=\"3b874356\" data-element_type=\"section\" data-settings=\"{&quot;stretch_section&quot;:&quot;section-stretched&quot;}\">\n\t\t\t\t\t\t<div class=\"elementor-container elementor-column-gap-no\">\n\t\t\t\t\t<div class=\"elementor-column elementor-col-100 elementor-top-column elementor-element elementor-element-85d990b\" data-id=\"85d990b\" data-element_type=\"column\">\n\t\t\t<div class=\"elementor-widget-wrap elementor-element-populated\">\n\t\t\t\t\t\t<div class=\"elementor-element elementor-element-ba80968 elementor-widget elementor-widget-image\" data-id=\"ba80968\" data-element_type=\"widget\" data-widget_type=\"image.default\">\n\t\t\t\t<div class=\"elementor-widget-container\">\n\t\t\t\t\t\t\t\t\t\t\t\t\t\t\t<img fetchpriority=\"high\" decoding=\"async\" width=\"1920\" height=\"650\" src=\"https:\/\/t-kalip.com\/wp-content\/uploads\/2020\/07\/t-kalip_kalite01.jpg\" class=\"attachment-full size-full wp-image-1253\" alt=\"\" srcset=\"https:\/\/t-kalip.com\/wp-content\/uploads\/2020\/07\/t-kalip_kalite01.jpg 1920w, https:\/\/t-kalip.com\/wp-content\/uploads\/2020\/07\/t-kalip_kalite01-600x203.jpg 600w, https:\/\/t-kalip.com\/wp-content\/uploads\/2020\/07\/t-kalip_kalite01-300x102.jpg 300w, https:\/\/t-kalip.com\/wp-content\/uploads\/2020\/07\/t-kalip_kalite01-1024x347.jpg 1024w, https:\/\/t-kalip.com\/wp-content\/uploads\/2020\/07\/t-kalip_kalite01-768x260.jpg 768w, https:\/\/t-kalip.com\/wp-content\/uploads\/2020\/07\/t-kalip_kalite01-1536x520.jpg 1536w, https:\/\/t-kalip.com\/wp-content\/uploads\/2020\/07\/t-kalip_kalite01-700x237.jpg 700w\" sizes=\"(max-width: 1920px) 100vw, 1920px\" \/>\t\t\t\t\t\t\t\t\t\t\t\t\t\t\t<\/div>\n\t\t\t\t<\/div>\n\t\t\t\t\t<\/div>\n\t\t<\/div>\n\t\t\t\t\t<\/div>\n\t\t<\/section>\n\t\t\t\t<section class=\"elementor-section elementor-top-section elementor-element elementor-element-5d78632 elementor-section-stretched elementor-section-boxed elementor-section-height-default elementor-section-height-default parallax_section_no qode_elementor_container_no\" data-id=\"5d78632\" data-element_type=\"section\" data-settings=\"{&quot;stretch_section&quot;:&quot;section-stretched&quot;,&quot;background_background&quot;:&quot;classic&quot;}\">\n\t\t\t\t\t\t<div class=\"elementor-container elementor-column-gap-default\">\n\t\t\t\t\t<div class=\"elementor-column elementor-col-100 elementor-top-column elementor-element elementor-element-5a770725\" data-id=\"5a770725\" data-element_type=\"column\">\n\t\t\t<div class=\"elementor-widget-wrap elementor-element-populated\">\n\t\t\t\t\t\t<div class=\"elementor-element elementor-element-4ed5520 elementor-widget elementor-widget-heading\" data-id=\"4ed5520\" data-element_type=\"widget\" data-widget_type=\"heading.default\">\n\t\t\t\t<div class=\"elementor-widget-container\">\n\t\t\t\t\t<h1 class=\"elementor-heading-title elementor-size-default\">MUAYENE<\/h1>\t\t\t\t<\/div>\n\t\t\t\t<\/div>\n\t\t\t\t\t<\/div>\n\t\t<\/div>\n\t\t\t\t\t<\/div>\n\t\t<\/section>\n\t\t\t\t<section class=\"elementor-section elementor-top-section elementor-element elementor-element-4749a52 elementor-section-boxed elementor-section-height-default elementor-section-height-default parallax_section_no qode_elementor_container_no\" data-id=\"4749a52\" data-element_type=\"section\">\n\t\t\t\t\t\t<div class=\"elementor-container elementor-column-gap-default\">\n\t\t\t\t\t<div class=\"elementor-column elementor-col-50 elementor-top-column elementor-element elementor-element-52876ae8\" data-id=\"52876ae8\" data-element_type=\"column\">\n\t\t\t<div class=\"elementor-widget-wrap elementor-element-populated\">\n\t\t\t\t\t\t<div class=\"elementor-element elementor-element-2e74cc92 elementor-widget elementor-widget-text-editor\" data-id=\"2e74cc92\" data-element_type=\"widget\" data-widget_type=\"text-editor.default\">\n\t\t\t\t<div class=\"elementor-widget-container\">\n\t\t\t\t\t\t\t\t\t<p>Kalite kontrol b\u00f6l\u00fcm\u00fcm\u00fcz tecr\u00fcbeli ve e\u011fitimli personelinin yan\u0131 s\u0131ra, 3 boyutlu koordinat \u00f6l\u00e7me (CMM), sertlik \u00f6l\u00e7me, y\u00fczey p\u00fcr\u00fczl\u00fcl\u00fck \u00f6l\u00e7me ve boya-kaplama kal\u0131nl\u0131\u011f\u0131 \u00f6l\u00e7me cihazlar\u0131 gibi \u00e7ok geni\u015f \u00f6l\u00e7\u00fcm yeteneklerine sahiptir.<\/p><p>\u00a0<\/p><p>\u00dcr\u00fcnlerimizin muayene ve testleri uluslararas\u0131 kalite standartlar\u0131na ve askeri standartlara uygun olarak %100 yap\u0131lmakta ve m\u00fc\u015fterilerimize, ilgili rapor ve sertifikalarla birlikte sevk edilmektedir. Firmam\u0131z b\u00fcnyesinde ger\u00e7ekle\u015ftirilemeyen testler, ba\u011f\u0131ms\u0131z laboratuarlara yapt\u0131r\u0131lmakta ve sertifikaland\u0131r\u0131lmaktad\u0131r.<\/p>\t\t\t\t\t\t\t\t<\/div>\n\t\t\t\t<\/div>\n\t\t\t\t\t<\/div>\n\t\t<\/div>\n\t\t\t\t<div class=\"elementor-column elementor-col-50 elementor-top-column elementor-element elementor-element-6bcd2a9\" data-id=\"6bcd2a9\" data-element_type=\"column\">\n\t\t\t<div class=\"elementor-widget-wrap elementor-element-populated\">\n\t\t\t\t\t\t<div class=\"elementor-element elementor-element-1f93bd55 elementor-widget elementor-widget-image\" data-id=\"1f93bd55\" data-element_type=\"widget\" data-widget_type=\"image.default\">\n\t\t\t\t<div class=\"elementor-widget-container\">\n\t\t\t\t\t\t\t\t\t\t\t\t\t\t\t<img decoding=\"async\" width=\"1280\" height=\"720\" src=\"https:\/\/t-kalip.com\/wp-content\/uploads\/2020\/06\/t_kalip_kalite-CMMM01.jpg\" class=\"attachment-full size-full wp-image-826\" alt=\"\" srcset=\"https:\/\/t-kalip.com\/wp-content\/uploads\/2020\/06\/t_kalip_kalite-CMMM01.jpg 1280w, https:\/\/t-kalip.com\/wp-content\/uploads\/2020\/06\/t_kalip_kalite-CMMM01-600x338.jpg 600w, https:\/\/t-kalip.com\/wp-content\/uploads\/2020\/06\/t_kalip_kalite-CMMM01-300x169.jpg 300w, https:\/\/t-kalip.com\/wp-content\/uploads\/2020\/06\/t_kalip_kalite-CMMM01-1024x576.jpg 1024w, https:\/\/t-kalip.com\/wp-content\/uploads\/2020\/06\/t_kalip_kalite-CMMM01-768x432.jpg 768w, https:\/\/t-kalip.com\/wp-content\/uploads\/2020\/06\/t_kalip_kalite-CMMM01-700x394.jpg 700w, https:\/\/t-kalip.com\/wp-content\/uploads\/2020\/06\/t_kalip_kalite-CMMM01-539x303.jpg 539w\" sizes=\"(max-width: 1280px) 100vw, 1280px\" \/>\t\t\t\t\t\t\t\t\t\t\t\t\t\t\t<\/div>\n\t\t\t\t<\/div>\n\t\t\t\t\t<\/div>\n\t\t<\/div>\n\t\t\t\t\t<\/div>\n\t\t<\/section>\n\t\t\t\t<section class=\"elementor-section elementor-top-section elementor-element elementor-element-48c6aebf elementor-section-stretched elementor-section-boxed elementor-section-height-default elementor-section-height-default parallax_section_no qode_elementor_container_no\" data-id=\"48c6aebf\" data-element_type=\"section\" data-settings=\"{&quot;stretch_section&quot;:&quot;section-stretched&quot;,&quot;background_background&quot;:&quot;classic&quot;}\">\n\t\t\t\t\t\t<div class=\"elementor-container elementor-column-gap-default\">\n\t\t\t\t\t<div class=\"elementor-column elementor-col-100 elementor-top-column elementor-element elementor-element-4aeecf4d\" data-id=\"4aeecf4d\" data-element_type=\"column\">\n\t\t\t<div class=\"elementor-widget-wrap elementor-element-populated\">\n\t\t\t\t\t\t<div class=\"elementor-element elementor-element-38c879a0 elementor-widget elementor-widget-spacer\" data-id=\"38c879a0\" data-element_type=\"widget\" data-widget_type=\"spacer.default\">\n\t\t\t\t<div class=\"elementor-widget-container\">\n\t\t\t\t\t\t\t<div class=\"elementor-spacer\">\n\t\t\t<div class=\"elementor-spacer-inner\"><\/div>\n\t\t<\/div>\n\t\t\t\t\t\t<\/div>\n\t\t\t\t<\/div>\n\t\t\t\t\t<\/div>\n\t\t<\/div>\n\t\t\t\t\t<\/div>\n\t\t<\/section>\n\t\t\t\t<section class=\"elementor-section elementor-top-section elementor-element elementor-element-36dc7987 elementor-section-stretched elementor-section-full_width elementor-section-height-default elementor-section-height-default parallax_section_no qode_elementor_container_no\" data-id=\"36dc7987\" data-element_type=\"section\" data-settings=\"{&quot;stretch_section&quot;:&quot;section-stretched&quot;}\">\n\t\t\t\t\t\t<div class=\"elementor-container elementor-column-gap-no\">\n\t\t\t\t\t<div class=\"elementor-column elementor-col-100 elementor-top-column elementor-element elementor-element-6b009946\" data-id=\"6b009946\" data-element_type=\"column\">\n\t\t\t<div class=\"elementor-widget-wrap elementor-element-populated\">\n\t\t\t\t\t\t<div class=\"elementor-element elementor-element-94c6076 elementor-widget elementor-widget-image\" data-id=\"94c6076\" data-element_type=\"widget\" data-widget_type=\"image.default\">\n\t\t\t\t<div class=\"elementor-widget-container\">\n\t\t\t\t\t\t\t\t\t\t\t\t\t\t\t<img decoding=\"async\" width=\"2048\" height=\"506\" src=\"https:\/\/t-kalip.com\/wp-content\/uploads\/2020\/05\/t-kalip_Factory_Panoromik-00-1.jpg\" class=\"attachment-full size-full wp-image-645\" alt=\"\" srcset=\"https:\/\/t-kalip.com\/wp-content\/uploads\/2020\/05\/t-kalip_Factory_Panoromik-00-1.jpg 2048w, https:\/\/t-kalip.com\/wp-content\/uploads\/2020\/05\/t-kalip_Factory_Panoromik-00-1-600x148.jpg 600w, https:\/\/t-kalip.com\/wp-content\/uploads\/2020\/05\/t-kalip_Factory_Panoromik-00-1-300x74.jpg 300w, https:\/\/t-kalip.com\/wp-content\/uploads\/2020\/05\/t-kalip_Factory_Panoromik-00-1-1024x253.jpg 1024w, https:\/\/t-kalip.com\/wp-content\/uploads\/2020\/05\/t-kalip_Factory_Panoromik-00-1-768x190.jpg 768w, https:\/\/t-kalip.com\/wp-content\/uploads\/2020\/05\/t-kalip_Factory_Panoromik-00-1-1536x380.jpg 1536w, https:\/\/t-kalip.com\/wp-content\/uploads\/2020\/05\/t-kalip_Factory_Panoromik-00-1-700x173.jpg 700w\" sizes=\"(max-width: 2048px) 100vw, 2048px\" \/>\t\t\t\t\t\t\t\t\t\t\t\t\t\t\t<\/div>\n\t\t\t\t<\/div>\n\t\t\t\t\t<\/div>\n\t\t<\/div>\n\t\t\t\t\t<\/div>\n\t\t<\/section>\n\t\t\t\t<\/div>\n\t\t","protected":false},"excerpt":{"rendered":"<p>MUAYENE Kalite kontrol b\u00f6l\u00fcm\u00fcm\u00fcz tecr\u00fcbeli ve e\u011fitimli personelinin yan\u0131 s\u0131ra, 3 boyutlu koordinat \u00f6l\u00e7me (CMM), sertlik \u00f6l\u00e7me, y\u00fczey p\u00fcr\u00fczl\u00fcl\u00fck \u00f6l\u00e7me ve boya-kaplama kal\u0131nl\u0131\u011f\u0131 \u00f6l\u00e7me cihazlar\u0131 gibi \u00e7ok geni\u015f \u00f6l\u00e7\u00fcm yeteneklerine sahiptir. \u00dcr\u00fcnlerimizin muayene ve testleri uluslararas\u0131 kalite standartlar\u0131na ve askeri standartlara uygun olarak %100 yap\u0131lmakta&#8230;<\/p>\n","protected":false},"author":1,"featured_media":0,"parent":0,"menu_order":0,"comment_status":"closed","ping_status":"closed","template":"","meta":{"footnotes":""},"class_list":["post-1294","page","type-page","status-publish","hentry"],"aioseo_notices":[],"_links":{"self":[{"href":"https:\/\/t-kalip.com\/tr\/wp-json\/wp\/v2\/pages\/1294","targetHints":{"allow":["GET"]}}],"collection":[{"href":"https:\/\/t-kalip.com\/tr\/wp-json\/wp\/v2\/pages"}],"about":[{"href":"https:\/\/t-kalip.com\/tr\/wp-json\/wp\/v2\/types\/page"}],"author":[{"embeddable":true,"href":"https:\/\/t-kalip.com\/tr\/wp-json\/wp\/v2\/users\/1"}],"replies":[{"embeddable":true,"href":"https:\/\/t-kalip.com\/tr\/wp-json\/wp\/v2\/comments?post=1294"}],"version-history":[{"count":0,"href":"https:\/\/t-kalip.com\/tr\/wp-json\/wp\/v2\/pages\/1294\/revisions"}],"wp:attachment":[{"href":"https:\/\/t-kalip.com\/tr\/wp-json\/wp\/v2\/media?parent=1294"}],"curies":[{"name":"wp","href":"https:\/\/api.w.org\/{rel}","templated":true}]}}