{"id":1292,"date":"2020-07-25T11:52:32","date_gmt":"2020-07-25T08:52:32","guid":{"rendered":"https:\/\/t-kalip.com\/design-development\/"},"modified":"2020-08-12T12:09:48","modified_gmt":"2020-08-12T09:09:48","slug":"tasarim-gelistirme","status":"publish","type":"page","link":"https:\/\/t-kalip.com\/tr\/tasarim-gelistirme\/","title":{"rendered":"TASARIM &#038; GEL\u0130\u015eT\u0130RME"},"content":{"rendered":"\t\t<div data-elementor-type=\"wp-page\" data-elementor-id=\"1292\" class=\"elementor elementor-1292 elementor-1234\" data-elementor-post-type=\"page\">\n\t\t\t\t\t\t<section class=\"elementor-section elementor-top-section elementor-element elementor-element-cc72a2f elementor-section-stretched elementor-section-full_width elementor-section-height-default elementor-section-height-default parallax_section_no qode_elementor_container_no\" data-id=\"cc72a2f\" data-element_type=\"section\" data-settings=\"{&quot;stretch_section&quot;:&quot;section-stretched&quot;}\">\n\t\t\t\t\t\t<div class=\"elementor-container elementor-column-gap-no\">\n\t\t\t\t\t<div class=\"elementor-column elementor-col-100 elementor-top-column elementor-element elementor-element-33cc369b\" data-id=\"33cc369b\" data-element_type=\"column\">\n\t\t\t<div class=\"elementor-widget-wrap elementor-element-populated\">\n\t\t\t\t\t\t<div class=\"elementor-element elementor-element-772cc80 elementor-widget elementor-widget-image\" data-id=\"772cc80\" data-element_type=\"widget\" data-widget_type=\"image.default\">\n\t\t\t\t<div class=\"elementor-widget-container\">\n\t\t\t\t\t\t\t\t\t\t\t\t\t\t\t<img fetchpriority=\"high\" decoding=\"async\" width=\"1920\" height=\"650\" src=\"https:\/\/t-kalip.com\/wp-content\/uploads\/2020\/07\/t-kalip_tasarim_gelistirme_01.jpg\" class=\"attachment-full size-full wp-image-1239\" alt=\"\" srcset=\"https:\/\/t-kalip.com\/wp-content\/uploads\/2020\/07\/t-kalip_tasarim_gelistirme_01.jpg 1920w, https:\/\/t-kalip.com\/wp-content\/uploads\/2020\/07\/t-kalip_tasarim_gelistirme_01-600x203.jpg 600w, https:\/\/t-kalip.com\/wp-content\/uploads\/2020\/07\/t-kalip_tasarim_gelistirme_01-300x102.jpg 300w, https:\/\/t-kalip.com\/wp-content\/uploads\/2020\/07\/t-kalip_tasarim_gelistirme_01-1024x347.jpg 1024w, https:\/\/t-kalip.com\/wp-content\/uploads\/2020\/07\/t-kalip_tasarim_gelistirme_01-768x260.jpg 768w, https:\/\/t-kalip.com\/wp-content\/uploads\/2020\/07\/t-kalip_tasarim_gelistirme_01-1536x520.jpg 1536w, https:\/\/t-kalip.com\/wp-content\/uploads\/2020\/07\/t-kalip_tasarim_gelistirme_01-700x237.jpg 700w\" sizes=\"(max-width: 1920px) 100vw, 1920px\" \/>\t\t\t\t\t\t\t\t\t\t\t\t\t\t\t<\/div>\n\t\t\t\t<\/div>\n\t\t\t\t\t<\/div>\n\t\t<\/div>\n\t\t\t\t\t<\/div>\n\t\t<\/section>\n\t\t\t\t<section class=\"elementor-section elementor-top-section elementor-element elementor-element-39e5a39c elementor-section-stretched elementor-section-boxed elementor-section-height-default elementor-section-height-default parallax_section_no qode_elementor_container_no\" data-id=\"39e5a39c\" data-element_type=\"section\" data-settings=\"{&quot;stretch_section&quot;:&quot;section-stretched&quot;,&quot;background_background&quot;:&quot;classic&quot;}\">\n\t\t\t\t\t\t<div class=\"elementor-container elementor-column-gap-default\">\n\t\t\t\t\t<div class=\"elementor-column elementor-col-100 elementor-top-column elementor-element elementor-element-55c7ad1d\" data-id=\"55c7ad1d\" data-element_type=\"column\">\n\t\t\t<div class=\"elementor-widget-wrap elementor-element-populated\">\n\t\t\t\t\t\t<div class=\"elementor-element elementor-element-139e0b35 elementor-widget elementor-widget-heading\" data-id=\"139e0b35\" data-element_type=\"widget\" data-widget_type=\"heading.default\">\n\t\t\t\t<div class=\"elementor-widget-container\">\n\t\t\t\t\t<h1 class=\"elementor-heading-title elementor-size-default\">TASARIM &amp; GEL\u0130\u015eT\u0130RME<\/h1>\t\t\t\t<\/div>\n\t\t\t\t<\/div>\n\t\t\t\t\t<\/div>\n\t\t<\/div>\n\t\t\t\t\t<\/div>\n\t\t<\/section>\n\t\t\t\t<section class=\"elementor-section elementor-top-section elementor-element elementor-element-4dbe1472 elementor-section-boxed elementor-section-height-default elementor-section-height-default parallax_section_no qode_elementor_container_no\" data-id=\"4dbe1472\" data-element_type=\"section\">\n\t\t\t\t\t\t<div class=\"elementor-container elementor-column-gap-default\">\n\t\t\t\t\t<div class=\"elementor-column elementor-col-50 elementor-top-column elementor-element elementor-element-56ce2ee4\" data-id=\"56ce2ee4\" data-element_type=\"column\">\n\t\t\t<div class=\"elementor-widget-wrap elementor-element-populated\">\n\t\t\t\t\t\t<div class=\"elementor-element elementor-element-4c839c04 elementor-widget elementor-widget-text-editor\" data-id=\"4c839c04\" data-element_type=\"widget\" data-widget_type=\"text-editor.default\">\n\t\t\t\t<div class=\"elementor-widget-container\">\n\t\t\t\t\t\t\t\t\t<p>T-Kal\u0131p mekanik konularda Ar-Ge \u00e7al\u0131\u015fmalar\u0131n\u0131 s\u00fcrekli geli\u015ftirerek, teknolojik ayr\u0131cal\u0131\u011fa sahip bir \u00fcretici olmak hedefiyle, bug\u00fcne kadar yerli imk\u00e2nlarla tasar\u0131m ve \u00fcretimi yap\u0131lmam\u0131\u015f \u00fcr\u00fcnlere odaklanm\u0131\u015ft\u0131r. Kulland\u0131\u011f\u0131m\u0131z bilgisayar destekli tasar\u0131m (CAD) yaz\u0131l\u0131mlar\u0131 ve tecr\u00fcbeli ekibimizle, yurt i\u00e7i ve yurt d\u0131\u015f\u0131 pazarlara y\u00f6nelik bir\u00e7ok tasar\u0131m\u0131m\u0131z, gerekli testleri ba\u015far\u0131yla tamamlad\u0131ktan sonra \u00fcr\u00fcne d\u00f6n\u00fc\u015fm\u00fc\u015ft\u00fcr.<\/p><p>\u00a0<\/p><p>Firmam\u0131z taraf\u0131ndan tasarlanm\u0131\u015f, patent ve end\u00fcstriyel tasar\u0131m tescili bulunan \u00fcr\u00fcnlerimizin \u00f6nde gelenleri; may\u0131na diren\u00e7li koltuk ve mekanik aray\u00fcz \u00fcr\u00fcn gruplar\u0131d\u0131r.<\/p><p>\u00a0<\/p><p>\u00d6zg\u00fcn ve nitelikli \u00fcr\u00fcn geli\u015ftirme ve \u00fcretme kapasitesine sahip alt y\u00fcklenici firmalar\u0131n elde edecekleri tecr\u00fcbe ile savunma sanayinin geli\u015fmesinde anahtar konumunda olacaklar\u0131na inanan T-Kal\u0131p, y\u00fcksek katma de\u011ferli \u00fcr\u00fcnlere y\u00f6nelik tasar\u0131m \u00e7al\u0131\u015fmalar\u0131 ve s\u00fcrekli geli\u015ftirdi\u011fi teknolojik altyap\u0131s\u0131yla sekt\u00f6r\u00fcnde \u00f6nde gelen ve aran\u0131l\u0131r bir i\u015f orta\u011f\u0131 haline gelmi\u015ftir.<\/p>\t\t\t\t\t\t\t\t<\/div>\n\t\t\t\t<\/div>\n\t\t\t\t\t<\/div>\n\t\t<\/div>\n\t\t\t\t<div class=\"elementor-column elementor-col-50 elementor-top-column elementor-element elementor-element-f74be89\" data-id=\"f74be89\" data-element_type=\"column\">\n\t\t\t<div class=\"elementor-widget-wrap elementor-element-populated\">\n\t\t\t\t\t\t<div class=\"elementor-element elementor-element-4b5dbc75 elementor-widget elementor-widget-image\" data-id=\"4b5dbc75\" data-element_type=\"widget\" data-widget_type=\"image.default\">\n\t\t\t\t<div class=\"elementor-widget-container\">\n\t\t\t\t\t\t\t\t\t\t\t\t\t\t\t<img decoding=\"async\" width=\"1280\" height=\"800\" src=\"https:\/\/t-kalip.com\/wp-content\/uploads\/2020\/05\/t-kalip-t-mak-tasarim-gelistirme-00.jpg\" class=\"attachment-full size-full wp-image-595\" alt=\"\" srcset=\"https:\/\/t-kalip.com\/wp-content\/uploads\/2020\/05\/t-kalip-t-mak-tasarim-gelistirme-00.jpg 1280w, https:\/\/t-kalip.com\/wp-content\/uploads\/2020\/05\/t-kalip-t-mak-tasarim-gelistirme-00-600x375.jpg 600w, https:\/\/t-kalip.com\/wp-content\/uploads\/2020\/05\/t-kalip-t-mak-tasarim-gelistirme-00-300x188.jpg 300w, https:\/\/t-kalip.com\/wp-content\/uploads\/2020\/05\/t-kalip-t-mak-tasarim-gelistirme-00-1024x640.jpg 1024w, https:\/\/t-kalip.com\/wp-content\/uploads\/2020\/05\/t-kalip-t-mak-tasarim-gelistirme-00-768x480.jpg 768w, https:\/\/t-kalip.com\/wp-content\/uploads\/2020\/05\/t-kalip-t-mak-tasarim-gelistirme-00-700x438.jpg 700w\" sizes=\"(max-width: 1280px) 100vw, 1280px\" \/>\t\t\t\t\t\t\t\t\t\t\t\t\t\t\t<\/div>\n\t\t\t\t<\/div>\n\t\t\t\t\t<\/div>\n\t\t<\/div>\n\t\t\t\t\t<\/div>\n\t\t<\/section>\n\t\t\t\t<section class=\"elementor-section elementor-top-section elementor-element elementor-element-81e3daa elementor-section-stretched elementor-section-boxed elementor-section-height-default elementor-section-height-default parallax_section_no qode_elementor_container_no\" data-id=\"81e3daa\" data-element_type=\"section\" data-settings=\"{&quot;stretch_section&quot;:&quot;section-stretched&quot;,&quot;background_background&quot;:&quot;classic&quot;}\">\n\t\t\t\t\t\t<div class=\"elementor-container elementor-column-gap-default\">\n\t\t\t\t\t<div class=\"elementor-column elementor-col-100 elementor-top-column elementor-element elementor-element-b56ca56\" data-id=\"b56ca56\" data-element_type=\"column\">\n\t\t\t<div class=\"elementor-widget-wrap elementor-element-populated\">\n\t\t\t\t\t\t<div class=\"elementor-element elementor-element-1357044 elementor-widget elementor-widget-spacer\" data-id=\"1357044\" data-element_type=\"widget\" data-widget_type=\"spacer.default\">\n\t\t\t\t<div class=\"elementor-widget-container\">\n\t\t\t\t\t\t\t<div class=\"elementor-spacer\">\n\t\t\t<div class=\"elementor-spacer-inner\"><\/div>\n\t\t<\/div>\n\t\t\t\t\t\t<\/div>\n\t\t\t\t<\/div>\n\t\t\t\t\t<\/div>\n\t\t<\/div>\n\t\t\t\t\t<\/div>\n\t\t<\/section>\n\t\t\t\t<section class=\"elementor-section elementor-top-section elementor-element elementor-element-206f549 elementor-section-stretched elementor-section-full_width elementor-section-height-default elementor-section-height-default parallax_section_no qode_elementor_container_no\" data-id=\"206f549\" data-element_type=\"section\" data-settings=\"{&quot;stretch_section&quot;:&quot;section-stretched&quot;}\">\n\t\t\t\t\t\t<div class=\"elementor-container elementor-column-gap-no\">\n\t\t\t\t\t<div class=\"elementor-column elementor-col-100 elementor-top-column elementor-element elementor-element-7ab0f64\" data-id=\"7ab0f64\" data-element_type=\"column\">\n\t\t\t<div class=\"elementor-widget-wrap elementor-element-populated\">\n\t\t\t\t\t\t<div class=\"elementor-element elementor-element-7dd6d24 elementor-widget elementor-widget-image\" data-id=\"7dd6d24\" data-element_type=\"widget\" data-widget_type=\"image.default\">\n\t\t\t\t<div class=\"elementor-widget-container\">\n\t\t\t\t\t\t\t\t\t\t\t\t\t\t\t<img decoding=\"async\" width=\"2048\" height=\"506\" src=\"https:\/\/t-kalip.com\/wp-content\/uploads\/2020\/05\/t-kalip_Factory_Panoromik-00-1.jpg\" class=\"attachment-full size-full wp-image-645\" alt=\"\" srcset=\"https:\/\/t-kalip.com\/wp-content\/uploads\/2020\/05\/t-kalip_Factory_Panoromik-00-1.jpg 2048w, https:\/\/t-kalip.com\/wp-content\/uploads\/2020\/05\/t-kalip_Factory_Panoromik-00-1-600x148.jpg 600w, https:\/\/t-kalip.com\/wp-content\/uploads\/2020\/05\/t-kalip_Factory_Panoromik-00-1-300x74.jpg 300w, https:\/\/t-kalip.com\/wp-content\/uploads\/2020\/05\/t-kalip_Factory_Panoromik-00-1-1024x253.jpg 1024w, https:\/\/t-kalip.com\/wp-content\/uploads\/2020\/05\/t-kalip_Factory_Panoromik-00-1-768x190.jpg 768w, https:\/\/t-kalip.com\/wp-content\/uploads\/2020\/05\/t-kalip_Factory_Panoromik-00-1-1536x380.jpg 1536w, https:\/\/t-kalip.com\/wp-content\/uploads\/2020\/05\/t-kalip_Factory_Panoromik-00-1-700x173.jpg 700w\" sizes=\"(max-width: 2048px) 100vw, 2048px\" \/>\t\t\t\t\t\t\t\t\t\t\t\t\t\t\t<\/div>\n\t\t\t\t<\/div>\n\t\t\t\t\t<\/div>\n\t\t<\/div>\n\t\t\t\t\t<\/div>\n\t\t<\/section>\n\t\t\t\t<\/div>\n\t\t","protected":false},"excerpt":{"rendered":"<p>TASARIM &#038; GEL\u0130\u015eT\u0130RME T-Kal\u0131p mekanik konularda Ar-Ge \u00e7al\u0131\u015fmalar\u0131n\u0131 s\u00fcrekli geli\u015ftirerek, teknolojik ayr\u0131cal\u0131\u011fa sahip bir \u00fcretici olmak hedefiyle, bug\u00fcne kadar yerli imk\u00e2nlarla tasar\u0131m ve \u00fcretimi yap\u0131lmam\u0131\u015f \u00fcr\u00fcnlere odaklanm\u0131\u015ft\u0131r. Kulland\u0131\u011f\u0131m\u0131z bilgisayar destekli tasar\u0131m (CAD) yaz\u0131l\u0131mlar\u0131 ve tecr\u00fcbeli ekibimizle, yurt i\u00e7i ve yurt d\u0131\u015f\u0131 pazarlara y\u00f6nelik bir\u00e7ok tasar\u0131m\u0131m\u0131z,&#8230;<\/p>\n","protected":false},"author":1,"featured_media":0,"parent":0,"menu_order":0,"comment_status":"closed","ping_status":"closed","template":"","meta":{"footnotes":""},"class_list":["post-1292","page","type-page","status-publish","hentry"],"aioseo_notices":[],"_links":{"self":[{"href":"https:\/\/t-kalip.com\/tr\/wp-json\/wp\/v2\/pages\/1292","targetHints":{"allow":["GET"]}}],"collection":[{"href":"https:\/\/t-kalip.com\/tr\/wp-json\/wp\/v2\/pages"}],"about":[{"href":"https:\/\/t-kalip.com\/tr\/wp-json\/wp\/v2\/types\/page"}],"author":[{"embeddable":true,"href":"https:\/\/t-kalip.com\/tr\/wp-json\/wp\/v2\/users\/1"}],"replies":[{"embeddable":true,"href":"https:\/\/t-kalip.com\/tr\/wp-json\/wp\/v2\/comments?post=1292"}],"version-history":[{"count":0,"href":"https:\/\/t-kalip.com\/tr\/wp-json\/wp\/v2\/pages\/1292\/revisions"}],"wp:attachment":[{"href":"https:\/\/t-kalip.com\/tr\/wp-json\/wp\/v2\/media?parent=1292"}],"curies":[{"name":"wp","href":"https:\/\/api.w.org\/{rel}","templated":true}]}}